{"id":79,"date":"2017-11-16T15:22:13","date_gmt":"2017-11-16T15:22:13","guid":{"rendered":"https:\/\/www.icasarg.com\/pub\/?page_id=79"},"modified":"2021-11-01T14:42:44","modified_gmt":"2021-11-01T14:42:44","slug":"incidentescriticos","status":"publish","type":"page","link":"https:\/\/www.icasarg.com\/pub\/incidentescriticos\/","title":{"rendered":"IncidentesCriticos"},"content":{"rendered":"<div class=\"container-fluid\">\n<section class=\"incidentes\">\n<div class=\"row pages-title\">\n<div class=\"col-md-10 col-md-offset-2 \">\n<h3>Incidentes cr\u00edticos<\/h3>\n<\/div>\n<div class=\"col-md-6 ligthgray-line\">&nbsp;<\/div>\n<\/div>\n<div class=\"row\">\n<div class=\"col-md-12 workshops-body\">\n<div class=\"col-md-8 col-md-offset-2\">\n<div class=\"row\">\n<div class=\"col-md-6 workshops-img\"><img decoding=\"async\" src=\"\/pub\/wp-content\/themes\/icas\/img\/servicios\/incidentes-criticos-01.jpg\" alt=\"\">&nbsp;<\/p>\n<h4>\u00bfQu\u00e9 es un Incidente Cr\u00edtico?<\/h4>\n<p>Entendemos y denominamos incidente cr\u00edtico a cualquier situaci\u00f3n que se presenta en forma inesperada, abrupta o repentina, donde la vida de las personas puede estar amenazada o bien hubo la p\u00e9rdida de vidas humanas.<br \/>\nDesde un accidente, un asalto, una cat\u00e1strofe natural o la muerte s\u00fabita de alg\u00fan colaborador son ejemplos de lo denominado Incidente Critico.<\/p>\n<div class=\"workshops-list\">\n<ul>\n<li>Asaltos en el \u00e1mbito de trabajo.<\/li>\n<li>Muerte repentina o suicidio de un compa\u00f1ero de trabajo.<\/li>\n<li>Accidentes personales.<\/li>\n<li>Incendio o explosiones en el trabajo.<\/li>\n<li>Agresiones violentas por parte de clientes o manifestantes.<\/li>\n<\/ul>\n<\/div>\n<\/div>\n<div class=\"col-md-6\">\n<h4>Acciones concretas: Como acompa\u00f1amos desde ICAS Latina un<br \/>\nincidente cr\u00edtico?<\/h4>\n<div class=\"workshops-list\">\n<ul>\n<li>Asesoramiento a la gerencia en forma inmediata al incidente.<\/li>\n<li>Contenci\u00f3n inmediata.<\/li>\n<li>Intervenciones estructuradas y planificadas dentro de las 72 horas siguientes al incidente.<\/li>\n<li>Seguimiento posterior de las personas involucradas.<\/li>\n<\/ul>\n<\/div>\n<h4>Por qu\u00e9 es importante intervenir frente a la ocurrencia de un incidente cr\u00edtico?<\/h4>\n<p>Los incidentes cr\u00edticos suelen afectar emocionalmente el clima de la organizaci\u00f3n. Los efectos pueden verse inmediatamente, o bien pueden aparecer secuelas al cabo de un tiempo. El servicio de Asistencia para Incidentes Cr\u00edticos es un procedimiento que<br \/>\ntiende a prevenir los efectos inmediatos y posteriores.<\/p>\n<\/div>\n<\/div>\n<div class=\"row\">\n<div class=\"col-md-6\">\n<h4>Resultados que produce la Asistencia en Incidentes Cr\u00edticos:<\/h4>\n<\/div>\n<\/div>\n<div class=\"row\">\n<div class=\"col-md-6 box-verde\">\n<div class=\"title\">\n<h5>Para la organizaci\u00f3n:<\/h5>\n<p><img decoding=\"async\" class=\"title-icon\" src=\"\/pub\/wp-content\/themes\/icas\/img\/servicios\/iconos-incidentes_criticos-01.png\" alt=\"\"><\/p>\n<\/div>\n<div class=\"info\">\n<ul>\n<li>Facilita la recuperaci\u00f3n del equipo humano de trabajo.<\/li>\n<li>Prevenci\u00f3n del ausentismo.<\/li>\n<li>Evitar p\u00e9rdida de productividad.<\/li>\n<li>Se mantiene la motivaci\u00f3n.<\/li>\n<li>Refuerzo de la imagen de la empresa, ya que se hace presente ocup\u00e1ndose del cuidado y velando por el bienestar de su personal.<\/li>\n<\/ul>\n<\/div>\n<\/div>\n<div class=\"col-md-6 box-verde\">\n<div class=\"title\">\n<h5>Para el empleado:<\/h5>\n<p><img decoding=\"async\" class=\"title-icon\" src=\"\/pub\/wp-content\/themes\/icas\/img\/servicios\/iconos-incidentes_criticos-02.png\" alt=\"\"><\/p>\n<\/div>\n<div class=\"info\">\n<ul>\n<li>Proceso del impacto emocional.<\/li>\n<li>Contenci\u00f3n y orientaci\u00f3n profesional.<\/li>\n<li>Prevenci\u00f3n del estr\u00e9s post-traum\u00e1tico que afecta tanto a su desempe\u00f1o en la organizaci\u00f3n como a su vida personal.<\/li>\n<li>Psicoeducaci\u00f3n en Hechos Traum\u00e1ticos.<\/li>\n<li>Se facilita y acompa\u00f1a su r\u00e1pida recuperaci\u00f3n an\u00edmica.<\/li>\n<\/ul>\n<\/div>\n<\/div>\n<\/div>\n<p><!--div class=\"row\">\n\n\n<div class=\"col-md-12 text-right\">\n              <a href=\"#top\"><img decoding=\"async\" class=\"up-icon\" src=\"\/wp-content\/themes\/icas\/img\/up-icon.png\" alt=\"arriba\"><\/a><\/div>\n\n\n<\/div-->\n<\/div>\n<\/div>\n<\/div>\n<\/section>\n<\/div>\n","protected":false},"excerpt":{"rendered":"<p>Incidentes cr\u00edticos &nbsp; &nbsp; \u00bfQu\u00e9 es un Incidente Cr\u00edtico? Entendemos y denominamos incidente cr\u00edtico a cualquier situaci\u00f3n que se presenta en forma inesperada, abrupta o repentina, donde la vida de las personas puede estar amenazada o bien hubo la p\u00e9rdida de vidas humanas. Desde un accidente, un asalto, una cat\u00e1strofe natural o la muerte s\u00fabita [&hellip;]<\/p>\n","protected":false},"author":1,"featured_media":0,"parent":0,"menu_order":0,"comment_status":"closed","ping_status":"closed","template":"","meta":{"_joinchat":[]},"_links":{"self":[{"href":"https:\/\/www.icasarg.com\/pub\/wp-json\/wp\/v2\/pages\/79"}],"collection":[{"href":"https:\/\/www.icasarg.com\/pub\/wp-json\/wp\/v2\/pages"}],"about":[{"href":"https:\/\/www.icasarg.com\/pub\/wp-json\/wp\/v2\/types\/page"}],"author":[{"embeddable":true,"href":"https:\/\/www.icasarg.com\/pub\/wp-json\/wp\/v2\/users\/1"}],"replies":[{"embeddable":true,"href":"https:\/\/www.icasarg.com\/pub\/wp-json\/wp\/v2\/comments?post=79"}],"version-history":[{"count":22,"href":"https:\/\/www.icasarg.com\/pub\/wp-json\/wp\/v2\/pages\/79\/revisions"}],"predecessor-version":[{"id":436,"href":"https:\/\/www.icasarg.com\/pub\/wp-json\/wp\/v2\/pages\/79\/revisions\/436"}],"wp:attachment":[{"href":"https:\/\/www.icasarg.com\/pub\/wp-json\/wp\/v2\/media?parent=79"}],"curies":[{"name":"wp","href":"https:\/\/api.w.org\/{rel}","templated":true}]}}