{"id":77,"date":"2017-11-16T15:25:19","date_gmt":"2017-11-16T15:25:19","guid":{"rendered":"https:\/\/www.icasarg.com\/pub\/?page_id=77"},"modified":"2020-03-09T15:22:15","modified_gmt":"2020-03-09T15:22:15","slug":"politicas","status":"publish","type":"page","link":"https:\/\/www.icasarg.com\/pub\/politicas\/","title":{"rendered":"Politicas"},"content":{"rendered":"<div class=\"link-ref\" id=\"politicas\"><\/div>\n<div class=\"container-fluid\">\n<section class=\"politicas\">\n<div class=\"row pages-title\">\n<div class=\"col-md-10 col-md-offset-2 \">\n<h3>Pol\u00edticas y programas de Alcohol y Drogas<\/h3>\n<\/div>\n<div class=\"col-md-8 ligthgray-line\"><\/div>\n<\/div>\n<div class=\"row\">\n<div class=\"col-md-12 workshops-body\">\n<div class=\"col-md-6 col-md-offset-2 politicas-list\">\n<div class=\"politicas-tittle\">\n<h4 style=\"margin-top:0;\">Desarrollo de Pol\u00edticas en Adicciones:<br \/>\nAlcohol, Drogas, Tabaco<\/h4>\n<\/div>\n<div class=\"row workshops-img\">\n<div class=\"col-md-6\">\n              <img decoding=\"async\" src=\"\/pub\/wp-content\/themes\/icas\/img\/servicios\/politicas-prog-alcohol-01.jpg\" alt=\"\"><\/div>\n<div class=\"col-md-6\">\n              <img decoding=\"async\" src=\"\/pub\/wp-content\/themes\/icas\/img\/servicios\/politicas-alcohol-drogas-01.jpg\" alt=\"\"><\/div>\n<\/div>\n<div class=\"row\">\n<div class=\"col-md-6 workshops-list\">\n<ul>\n<li>Dise\u00f1o de la pol\u00edtica<\/li>\n<li>Talleres de sensibilizaci\u00f3n<\/li>\n<li>Talleres informativos y de comunicaci\u00f3n de la pol\u00edtica.<\/li>\n<\/ul>\n<\/div>\n<div class=\"col-md-6 workshops-list\">\n<ul>\n<li>Comunicaci\u00f3n gr\u00e1fica.<\/li>\n<li>Art\u00edculos.<\/li>\n<li>Evaluaciones m\u00e9dicas.<\/li>\n<\/ul>\n<\/div>\n<\/div>\n<\/div>\n<div class=\"col-md-3 contact-panel\">\n<div class=\"a-pdf\">\n        \t<a href=\"\/pub\/contactenos\" style=\"margin-top:0;\">Cont\u00e1ctenos<\/a><\/div>\n<div class=\"info\">\n            Para m\u00e1s informaci\u00f3n no deje de contactarnos<\/div>\n<div class=\"phone\"><a href=\"tel:+541147857835\">+54 11 4785 7835<\/a><\/div>\n<p><a class=\"mail\" href=\"mailto:info@icasarg.com\"><br \/>\ninfo@icasarg.com<br \/>\n<\/a><\/p>\n<\/div>\n<\/div>\n<\/div>\n<\/section>\n<\/div>\n","protected":false},"excerpt":{"rendered":"<p>Pol\u00edticas y programas de Alcohol y Drogas Desarrollo de Pol\u00edticas en Adicciones: Alcohol, Drogas, Tabaco Dise\u00f1o de la pol\u00edtica Talleres de sensibilizaci\u00f3n Talleres informativos y de comunicaci\u00f3n de la pol\u00edtica. Comunicaci\u00f3n gr\u00e1fica. Art\u00edculos. Evaluaciones m\u00e9dicas. Cont\u00e1ctenos Para m\u00e1s informaci\u00f3n no deje de contactarnos +54 11 4785 7835 info@icasarg.com<\/p>\n","protected":false},"author":1,"featured_media":0,"parent":0,"menu_order":0,"comment_status":"closed","ping_status":"closed","template":"","meta":{"_joinchat":[]},"_links":{"self":[{"href":"https:\/\/www.icasarg.com\/pub\/wp-json\/wp\/v2\/pages\/77"}],"collection":[{"href":"https:\/\/www.icasarg.com\/pub\/wp-json\/wp\/v2\/pages"}],"about":[{"href":"https:\/\/www.icasarg.com\/pub\/wp-json\/wp\/v2\/types\/page"}],"author":[{"embeddable":true,"href":"https:\/\/www.icasarg.com\/pub\/wp-json\/wp\/v2\/users\/1"}],"replies":[{"embeddable":true,"href":"https:\/\/www.icasarg.com\/pub\/wp-json\/wp\/v2\/comments?post=77"}],"version-history":[{"count":13,"href":"https:\/\/www.icasarg.com\/pub\/wp-json\/wp\/v2\/pages\/77\/revisions"}],"predecessor-version":[{"id":339,"href":"https:\/\/www.icasarg.com\/pub\/wp-json\/wp\/v2\/pages\/77\/revisions\/339"}],"wp:attachment":[{"href":"https:\/\/www.icasarg.com\/pub\/wp-json\/wp\/v2\/media?parent=77"}],"curies":[{"name":"wp","href":"https:\/\/api.w.org\/{rel}","templated":true}]}}