{"id":72,"date":"2017-11-16T15:15:33","date_gmt":"2017-11-16T15:15:33","guid":{"rendered":"https:\/\/www.icasarg.com\/pub\/?page_id=72"},"modified":"2020-03-09T15:17:02","modified_gmt":"2020-03-09T15:17:02","slug":"capacitacion","status":"publish","type":"page","link":"https:\/\/www.icasarg.com\/pub\/capacitacion\/","title":{"rendered":"Capacitacion"},"content":{"rendered":"<div class=\"link-ref\" id=\"inCompany\"><\/div>\n<div class=\"banner-top b1\">\n<h2>Capacitaci\u00f3n in Company<\/h2>\n<div>Inicio \/ Servicios<\/div>\n<p>Proveemos contextos de aprendizajes significativos<\/p>\n<\/div>\n<div class=\"link-ref\" id=\"training\"><\/div>\n<div class=\"container-fluid\">\n<section id=\"training\" class=\"training\">\n<div class=\"row\">\n<div class=\"col-md-5 col-md-offset-1 title-pane text-right\">\n<h3>Consultor\u00eda y Capacitaci\u00f3n<\/h3>\n<\/div>\n<div class=\"col-md-5\">\n<p>          Los servicios de ICAS en Consultor\u00eda y Capacitaci\u00f3n trabajan con su empresa<br \/>\npara brindar herramientas de acuerdo a la problem\u00e1tica actual y adecuando<br \/>\ncada acci\u00f3n a las pol\u00edticas y particularidades de cada organizaci\u00f3n.<\/p>\n<p>A trav\u00e9s de diferentes talleres, charlas o presentaciones amigables e<br \/>\ninteractivas, buscamos generar mecanismos de apoyo que permitan maximizar<br \/>\nla performance de cada miembro de la organizaci\u00f3n, a la vez de minimizar<br \/>\nconductas de riesgo y conflictos.<\/p>\n<\/div>\n<\/div>\n<\/section>\n<\/div>\n<div class=\"link-ref\" id=\"talleres\"><\/div>\n<div class=\"container-fluid\">\n<section class=\"talleres\">\n<div class=\"row pages-title\">\n<div class=\"col-md-10 col-md-offset-2 \">\n<h3>Talleres y Seminarios<\/h3>\n<\/div>\n<div class=\"col-md-8 ligthgray-line\"><\/div>\n<\/div>\n<div class=\"row\">\n<div class=\"col-md-12 workshops-body\">\n<div class=\"col-md-6 col-md-offset-2\">\n<p style=\"    font-family: 'Georgia';font-style: italic;font-size: 120%;\">Los Talleres y Seminarios que se ofrecen se actualizan constantemente, a<br \/>\nfin de adecuarse a los requerimientos de los recursos humanos en general<br \/>\ny en particular en cada organizaci\u00f3n.<br \/>\nIncluyen entre otros:<\/p>\n<div class=\"row workshops-img\">\n<div class=\"col-md-6\">\n              <img decoding=\"async\" src=\"\/pub\/wp-content\/themes\/icas\/img\/servicios\/talleres_seminarios1-01.jpg\" alt=\"\"><\/div>\n<div class=\"col-md-6\">\n              <img decoding=\"async\" src=\"\/pub\/wp-content\/themes\/icas\/img\/servicios\/talleres_seminarios2-01.jpg\" alt=\"\"><\/div>\n<\/div>\n<div class=\"row\">\n<div class=\"col-md-6 workshops-list\">\n<ul>\n<li>Mindfulness<\/li>\n<li>Nutrici\u00f3n<\/li>\n<li>Manejo del stress: talleres y auditor\u00eda del stress<\/li>\n<li>Manejo de crisis<\/li>\n<li>Yoga<\/li>\n<li>Prevenci\u00f3n en adicciones<\/li>\n<li>Pausa activa<\/li>\n<\/ul>\n<\/div>\n<div class=\"col-md-6 workshops-list\">\n<ul>\n<li>Adem\u00e1s: Manejo de habilidades para una comunicaci\u00f3n efectiva,<br \/>\nTalleres Informativos y Experienciales sobre temas de Familia,<br \/>\nPareja e Hijos, organizaci\u00f3n del presupuesto familiar,<\/li>\n<\/ul>\n<\/div>\n<\/div>\n<div class=\"row\"><\/div>\n<\/div>\n<div class=\"col-md-3 contact-panel\">\n<div class=\"a-pdf\">\n            <a href=\"\/pub\/contactenos\">Cont\u00e1ctenos<\/a><\/div>\n<div class=\"info\">\n            Para m\u00e1s informaci\u00f3n no deje de contactarnos<\/div>\n<div class=\"phone\"><a href=\"tel:+541147857835\">+54 11 4785 7835<\/a><\/div>\n<p><a class=\"mail\" href=\"mailto:info@icasarg.com\"><br \/>\ninfo@icasarg.com<br \/>\n<\/a><\/p>\n<\/div>\n<\/div>\n<\/div>\n<\/section>\n<\/div>\n","protected":false},"excerpt":{"rendered":"<p>Capacitaci\u00f3n in Company Inicio \/ Servicios Proveemos contextos de aprendizajes significativos Consultor\u00eda y Capacitaci\u00f3n Los servicios de ICAS en Consultor\u00eda y Capacitaci\u00f3n trabajan con su empresa para brindar herramientas de acuerdo a la problem\u00e1tica actual y adecuando cada acci\u00f3n a las pol\u00edticas y particularidades de cada organizaci\u00f3n. A trav\u00e9s de diferentes talleres, charlas o presentaciones [&hellip;]<\/p>\n","protected":false},"author":1,"featured_media":0,"parent":0,"menu_order":0,"comment_status":"closed","ping_status":"closed","template":"","meta":{"_joinchat":[]},"_links":{"self":[{"href":"https:\/\/www.icasarg.com\/pub\/wp-json\/wp\/v2\/pages\/72"}],"collection":[{"href":"https:\/\/www.icasarg.com\/pub\/wp-json\/wp\/v2\/pages"}],"about":[{"href":"https:\/\/www.icasarg.com\/pub\/wp-json\/wp\/v2\/types\/page"}],"author":[{"embeddable":true,"href":"https:\/\/www.icasarg.com\/pub\/wp-json\/wp\/v2\/users\/1"}],"replies":[{"embeddable":true,"href":"https:\/\/www.icasarg.com\/pub\/wp-json\/wp\/v2\/comments?post=72"}],"version-history":[{"count":21,"href":"https:\/\/www.icasarg.com\/pub\/wp-json\/wp\/v2\/pages\/72\/revisions"}],"predecessor-version":[{"id":674,"href":"https:\/\/www.icasarg.com\/pub\/wp-json\/wp\/v2\/pages\/72\/revisions\/674"}],"wp:attachment":[{"href":"https:\/\/www.icasarg.com\/pub\/wp-json\/wp\/v2\/media?parent=72"}],"curies":[{"name":"wp","href":"https:\/\/api.w.org\/{rel}","templated":true}]}}