{"id":440,"date":"2021-11-24T20:25:53","date_gmt":"2021-11-24T20:25:53","guid":{"rendered":"https:\/\/www.icasarg.com\/pub\/?page_id=440"},"modified":"2022-11-23T15:50:23","modified_gmt":"2022-11-23T15:50:23","slug":"politicas-de-si","status":"publish","type":"page","link":"https:\/\/www.icasarg.com\/pub\/politicas-de-si\/","title":{"rendered":"Politicas de SI"},"content":{"rendered":"<div class=\"h2-servicios\">\n<h2>Pol\u00edticas de Seguridad de la Informaci\u00f3n<\/h2>\n<div>Inicio\/Politicas de SI<\/div>\n<\/div>\n<section class=\"servicios-eap container-fluid\">\n<div class=\"row info-eap\">\n<div class=\"col-md-6 col-md-offset-2 \">\n<h5><strong>ICAS LATINA\/MC CARE<\/strong> asume el compromiso sobre la seguridad de informaci\u00f3n necesaria dentro de los procesos y actividades para los servicios de asesor\u00eda y orientaci\u00f3n a empleados que provee a sus clientes.<\/h5>\n<\/div>\n<div>\u00a0<\/div>\n<div class=\"col-md-6 col-md-offset-2 \">Enfatizando la importancia de sostener la confidencialidad, integridad y disponibilidad de la informaci\u00f3n, asumimos el compromiso de:<\/div>\n<div>\u00a0<\/div>\n<div style=\"padding-left: 40px;\">\u00a0<\/div>\n<div class=\"col-md-6 col-md-offset-2 \" style=\"padding-left: 40px;\">\n<ul>\n<li style=\"list-style-type: none;\">\n<ul>\n<li>Mejorar continuamente el Sistema de Gesti\u00f3n de Seguridad de la Informaci\u00f3n, mediante la participaci\u00f3n y concientizaci\u00f3n de todos nuestros colaboradores.<\/li>\n<li>Cumplir con los requisitos de seguridad de informaci\u00f3n identificados dentro del Sistema de Gestion y actualizarlos a las mejores pr\u00e1cticas y tecnolog\u00edas con el fin de prevenir incidentes de seguridad.<\/li>\n<li>Seleccionar y mantener proveedores de tecnolog\u00eda que adopten nuestra cultura y protocolos de seguridad y aporten altos niveles de cumplimiento de servicio.<\/li>\n<li>Brindar un servicio seguro y confiable para nuestros clientes y sus empleados, cumpliendo todo el marco legal aplicable para proteger la privacidad y la protecci\u00f3n de los datos personales de todo usuario de nuestros servicios, los requisitos de seguridad de nuestros clientes y las mejores pr\u00e1cticas en la materia.<\/li>\n<\/ul>\n<\/li>\n<\/ul>\n<\/div>\n<div>\u00a0<\/div>\n<div class=\"col-md-6 col-md-offset-2 \">Este compromiso es asumido por todos los que formamos Icas Latina\/MC Care como parte de nuestro desempe\u00f1o individual y colectivo.<\/div>\n<\/div>\n<\/section>\n\n\n<div class=\"wp-block-image\"><figure class=\"aligncenter size-large\"><img decoding=\"async\" loading=\"lazy\" width=\"450\" height=\"300\" src=\"https:\/\/www.icasarg.com\/pub\/wp-content\/uploads\/2022\/11\/seguridad-iso.png\" alt=\"\" class=\"wp-image-490\" srcset=\"https:\/\/www.icasarg.com\/pub\/wp-content\/uploads\/2022\/11\/seguridad-iso.png 450w, https:\/\/www.icasarg.com\/pub\/wp-content\/uploads\/2022\/11\/seguridad-iso-300x200.png 300w\" sizes=\"(max-width: 450px) 100vw, 450px\" \/><\/figure><\/div>\n","protected":false},"excerpt":{"rendered":"<p>Pol\u00edticas de Seguridad de la Informaci\u00f3n Inicio\/Politicas de SI ICAS LATINA\/MC CARE asume el compromiso sobre la seguridad de informaci\u00f3n necesaria dentro de los procesos y actividades para los servicios de asesor\u00eda y orientaci\u00f3n a empleados que provee a sus clientes. \u00a0 Enfatizando la importancia de sostener la confidencialidad, integridad y disponibilidad de la informaci\u00f3n, [&hellip;]<\/p>\n","protected":false},"author":3,"featured_media":0,"parent":0,"menu_order":0,"comment_status":"closed","ping_status":"closed","template":"","meta":{"_joinchat":[]},"_links":{"self":[{"href":"https:\/\/www.icasarg.com\/pub\/wp-json\/wp\/v2\/pages\/440"}],"collection":[{"href":"https:\/\/www.icasarg.com\/pub\/wp-json\/wp\/v2\/pages"}],"about":[{"href":"https:\/\/www.icasarg.com\/pub\/wp-json\/wp\/v2\/types\/page"}],"author":[{"embeddable":true,"href":"https:\/\/www.icasarg.com\/pub\/wp-json\/wp\/v2\/users\/3"}],"replies":[{"embeddable":true,"href":"https:\/\/www.icasarg.com\/pub\/wp-json\/wp\/v2\/comments?post=440"}],"version-history":[{"count":31,"href":"https:\/\/www.icasarg.com\/pub\/wp-json\/wp\/v2\/pages\/440\/revisions"}],"predecessor-version":[{"id":516,"href":"https:\/\/www.icasarg.com\/pub\/wp-json\/wp\/v2\/pages\/440\/revisions\/516"}],"wp:attachment":[{"href":"https:\/\/www.icasarg.com\/pub\/wp-json\/wp\/v2\/media?parent=440"}],"curies":[{"name":"wp","href":"https:\/\/api.w.org\/{rel}","templated":true}]}}