{"id":286,"date":"2019-03-02T01:42:16","date_gmt":"2019-03-02T01:42:16","guid":{"rendered":"https:\/\/www.icasarg.com\/pub\/?page_id=286"},"modified":"2019-03-02T01:42:16","modified_gmt":"2019-03-02T01:42:16","slug":"contact-us","status":"publish","type":"page","link":"https:\/\/www.icasarg.com\/pub\/contact-us\/","title":{"rendered":"Contact us"},"content":{"rendered":"<section class=\"contact-form\">\n<div class=\"container\">\n<form name=\"sendEmail\" method=\"POST\" class=\"contact-form\">\n<h2>Contact Us<\/h2>\n<div class=\"row\">\n<div class=\"col-md-12\">\n<p class=\"important-p\"><strong>FOR COMMERCIAL USE ONLY<\/strong><\/p>\n<\/p><\/div>\n<div class=\"col-md-6\">\n            <input class=\"input-style\" required=\"true\" placeholder=\"Full Name*\" name=\"name\">\n          <\/div>\n<div class=\"col-md-6\">\n            <input class=\"input-style\" required=\"true\" type=\"email\" placeholder=\"Email *\" name=\"email\">\n          <\/div>\n<div class=\"col-md-6\">\n            <input class=\"input-style\" required=\"true\" placeholder=\"Company *\" name=\"company\">\n          <\/div>\n<div class=\"col-md-6\">\n            <input class=\"input-style\" required=\"true\" placeholder=\"Position *\" name=\"position\">\n          <\/div>\n<div class=\"col-md-6\">\n            <input class=\"input-style\" required=\"true\" placeholder=\"Phone *\" name=\"phone\">\n          <\/div>\n<div class=\"col-md-6\">\n            <select class=\"input-style\" required=\"true\" name=\"country\"><option value=\"\" disabled selected>Country *<\/option><option value=\"Afganist\u00e1n\">Afganist\u00e1n (\u202b\u0627\u0641\u063a\u0627\u0646\u0633\u062a\u0627\u0646\u202c\u200e)<\/option><option value=\"Albania\">Albania (Shqip\u00ebri)<\/option><option value=\"Alemania\">Alemania (Deutschland)<\/option><option value=\"Andorra\">Andorra<\/option><option value=\"Angola\">Angola<\/option><option value=\"Anguila\">Anguila (Anguilla)<\/option><option value=\"Ant\u00e1rtida\">Ant\u00e1rtida (Antarctica)<\/option><option value=\"Antigua y Barbuda\">Antigua y Barbuda (Antigua &amp; Barbuda)<\/option><option value=\"Arabia Saud\u00ed\">Arabia Saud\u00ed (\u202b\u0627\u0644\u0645\u0645\u0644\u0643\u0629 \u0627\u0644\u0639\u0631\u0628\u064a\u0629 \u0627\u0644\u0633\u0639\u0648\u062f\u064a\u0629\u202c\u200e)<\/option><option value=\"Argelia\">Argelia (Algeria)<\/option><option style=\"font-weight:bold\" value=\"Argentina\">Argentina<\/option><option value=\"Armenia\">Armenia (\u0540\u0561\u0575\u0561\u057d\u057f\u0561\u0576)<\/option><option value=\"Aruba\">Aruba<\/option><option value=\"Australia\">Australia<\/option><option value=\"Austria\">Austria (\u00d6sterreich)<\/option><option value=\"Azerbaiy\u00e1n\">Azerbaiy\u00e1n (Az\u0259rbaycan)<\/option><option value=\"Bahamas\">Bahamas<\/option><option value=\"Banglad\u00e9s\">Banglad\u00e9s (\u09ac\u09be\u0982\u09b2\u09be\u09a6\u09c7\u09b6)<\/option><option value=\"Barbados\">Barbados<\/option><option value=\"Bar\u00e9in\">Bar\u00e9in (\u202b\u0627\u0644\u0628\u062d\u0631\u064a\u0646\u202c\u200e)<\/option><option value=\"B\u00e9lgica\">B\u00e9lgica (Belgium)<\/option><option value=\"Belice\">Belice (Belize)<\/option><option value=\"Ben\u00edn\">Ben\u00edn (B\u00e9nin)<\/option><option value=\"Bermudas\">Bermudas (Bermuda)<\/option><option value=\"Bielorrusia\">Bielorrusia (\u0411\u0435\u043b\u0430\u0440\u0443\u0441\u044c)<\/option><option value=\"Bolivia\">Bolivia<\/option><option value=\"Bosnia-Herzegovina\">Bosnia-Herzegovina (Bosna i Hercegovina)<\/option><option value=\"Botsuana\">Botsuana (Botswana)<\/option><option value=\"Brasil\">Brasil<\/option><option value=\"Brun\u00e9i\">Brun\u00e9i (Brunei)<\/option><option value=\"Bulgaria\">Bulgaria (\u0411\u044a\u043b\u0433\u0430\u0440\u0438\u044f)<\/option><option value=\"Burkina Faso\">Burkina Faso<\/option><option value=\"Burundi\">Burundi (Uburundi)<\/option><option value=\"But\u00e1n\">But\u00e1n (\u0f60\u0f56\u0fb2\u0f74\u0f42)<\/option><option value=\"Cabo Verde\">Cabo Verde (Kabu Verdi)<\/option><option value=\"Camboya\">Camboya (\u1780\u1798\u17d2\u1796\u17bb\u1787\u17b6)<\/option><option value=\"Camer\u00fan\">Camer\u00fan (Cameroun)<\/option><option value=\"Canad\u00e1\">Canad\u00e1 (Canada)<\/option><option value=\"Caribe neerland\u00e9s\">Caribe neerland\u00e9s (Caribbean Netherlands)<\/option><option value=\"Catar\">Catar (\u202b\u0642\u0637\u0631\u202c\u200e)<\/option><option value=\"Ceuta y Melilla\">Ceuta y Melilla<\/option><option value=\"Chad\">Chad (Tchad)<\/option><option value=\"Chequia\">Chequia (\u010cesko)<\/option><option value=\"Chile\">Chile<\/option><option value=\"China\">China (\u4e2d\u56fd)<\/option><option value=\"Chipre\">Chipre (\u039a\u03cd\u03c0\u03c1\u03bf\u03c2)<\/option><option value=\"Ciudad del Vaticano\">Ciudad del Vaticano (Citt\u00e0 del Vaticano)<\/option><option value=\"Colombia\">Colombia<\/option><option value=\"Comoras\">Comoras (\u202b\u062c\u0632\u0631 \u0627\u0644\u0642\u0645\u0631\u202c\u200e)<\/option><option value=\"Corea del Norte\">Corea del Norte (\ubd81\ud55c)<\/option><option value=\"Corea del Sur\">Corea del Sur (\ub300\ud55c\ubbfc\uad6d)<\/option><option value=\"Costa de Marfil\">Costa de Marfil (C\u00f4te d\u2019Ivoire)<\/option><option value=\"Costa Rica\">Costa Rica<\/option><option value=\"Croacia\">Croacia (Hrvatska)<\/option><option value=\"Cuba\">Cuba<\/option><option value=\"Curazao\">Curazao (Cura\u00e7ao)<\/option><option value=\"Diego Garc\u00eda\">Diego Garc\u00eda (Diego Garcia)<\/option><option value=\"Dinamarca\">Dinamarca (Danmark)<\/option><option value=\"Dominica\">Dominica<\/option><option value=\"Ecuador\">Ecuador<\/option><option value=\"Egipto\">Egipto (\u202b\u0645\u0635\u0631\u202c\u200e)<\/option><option value=\"El Salvador\">El Salvador<\/option><option value=\"Emiratos \u00c1rabes Unidos\">Emiratos \u00c1rabes Unidos (\u202b\u0627\u0644\u0625\u0645\u0627\u0631\u0627\u062a \u0627\u0644\u0639\u0631\u0628\u064a\u0629 \u0627\u0644\u0645\u062a\u062d\u062f\u0629\u202c\u200e)<\/option><option value=\"Eritrea\">Eritrea<\/option><option value=\"Eslovaquia\">Eslovaquia (Slovensko)<\/option><option value=\"Eslovenia\">Eslovenia (Slovenija)<\/option><option value=\"Espa\u00f1a\">Espa\u00f1a<\/option><option value=\"Estados Unidos\">Estados Unidos (United States)<\/option><option value=\"Estonia\">Estonia (Eesti)<\/option><option value=\"Etiop\u00eda\">Etiop\u00eda (Ethiopia)<\/option><option value=\"Filipinas\">Filipinas (Philippines)<\/option><option value=\"Finlandia\">Finlandia (Suomi)<\/option><option value=\"Fiyi\">Fiyi (Fiji)<\/option><option value=\"Francia\">Francia (France)<\/option><option value=\"Gab\u00f3n\">Gab\u00f3n (Gabon)<\/option><option value=\"Gambia\">Gambia<\/option><option value=\"Georgia\">Georgia (\u10e1\u10d0\u10e5\u10d0\u10e0\u10d7\u10d5\u10d4\u10da\u10dd)<\/option><option value=\"Ghana\">Ghana (Gaana)<\/option><option value=\"Gibraltar\">Gibraltar<\/option><option value=\"Granada\">Granada (Grenada)<\/option><option value=\"Grecia\">Grecia (\u0395\u03bb\u03bb\u03ac\u03b4\u03b1)<\/option><option value=\"Groenlandia\">Groenlandia (Kalaallit Nunaat)<\/option><option value=\"Guadalupe\">Guadalupe (Guadeloupe)<\/option><option value=\"Guam\">Guam<\/option><option value=\"Guatemala\">Guatemala<\/option><option value=\"Guayana Francesa\">Guayana Francesa (Guyane fran\u00e7aise)<\/option><option value=\"Guernesey\">Guernesey (Guernsey)<\/option><option value=\"Guinea\">Guinea (Guin\u00e9e)<\/option><option value=\"Guinea-Bis\u00e1u\">Guinea-Bis\u00e1u (Guin\u00e9-Bissau)<\/option><option value=\"Guinea Ecuatorial\">Guinea Ecuatorial<\/option><option value=\"Guyana\">Guyana<\/option><option value=\"Hait\u00ed\">Hait\u00ed (Haiti)<\/option><option value=\"Honduras\">Honduras<\/option><option value=\"Hong Kong\">Hong Kong (\u9999\u6e2f)<\/option><option value=\"Hungr\u00eda\">Hungr\u00eda (Magyarorsz\u00e1g)<\/option><option value=\"India\">India (\u092d\u093e\u0930\u0924)<\/option><option value=\"Indonesia\">Indonesia<\/option><option value=\"Irak\">Irak (\u202b\u0627\u0644\u0639\u0631\u0627\u0642\u202c\u200e)<\/option><option value=\"Ir\u00e1n\">Ir\u00e1n (\u202b\u0627\u06cc\u0631\u0627\u0646\u202c\u200e)<\/option><option value=\"Irlanda\">Irlanda (Ireland)<\/option><option value=\"Isla Bouvet\">Isla Bouvet (Bouvet Island)<\/option><option value=\"Isla Clipperton\">Isla Clipperton (Clipperton Island)<\/option><option value=\"Isla de la Ascensi\u00f3n\">Isla de la Ascensi\u00f3n (Ascension Island)<\/option><option value=\"Isla de Man\">Isla de Man (Isle of Man)<\/option><option value=\"Isla de Navidad\">Isla de Navidad (Christmas Island)<\/option><option value=\"Islandia\">Islandia (\u00cdsland)<\/option><option value=\"Isla Norfolk\">Isla Norfolk (Norfolk Island)<\/option><option value=\"Islas \u00c5land\">Islas \u00c5land (\u00c5land)<\/option><option value=\"Islas Caim\u00e1n\">Islas Caim\u00e1n (Cayman Islands)<\/option><option value=\"Islas Canarias\">Islas Canarias (Canarias)<\/option><option value=\"Islas Cocos\">Islas Cocos (Kepulauan Cocos (Keeling))<\/option><option value=\"Islas Cook\">Islas Cook (Cook Islands)<\/option><option value=\"Islas Feroe\">Islas Feroe (F\u00f8royar)<\/option><option value=\"Islas Georgia del Sur y Sandwich del Sur\">Islas Georgia del Sur y Sandwich del Sur (South Georgia &amp; South Sandwich Islands)<\/option><option value=\"Islas Heard y McDonald\">Islas Heard y McDonald (Heard &amp; McDonald Islands)<\/option><option value=\"Islas Malvinas\">Islas Malvinas (Islas Falkland) (Falkland Islands (Islas Malvinas))<\/option><option value=\"Islas Marianas del Norte\">Islas Marianas del Norte (Northern Mariana Islands)<\/option><option value=\"Islas Marshall\">Islas Marshall (Marshall Islands)<\/option><option value=\"Islas Pitcairn\">Islas Pitcairn (Pitcairn Islands)<\/option><option value=\"Islas Salom\u00f3n\">Islas Salom\u00f3n (Solomon Islands)<\/option><option value=\"Islas Turcas y Caicos\">Islas Turcas y Caicos (Turks &amp; Caicos Islands)<\/option><option value=\"Islas Ultramarinas de EE.UU.\">Islas Ultramarinas de EE.UU. (U.S. Outlying Islands)<\/option><option value=\"Islas V\u00edrgenes Brit\u00e1nicas\">Islas V\u00edrgenes Brit\u00e1nicas (British Virgin Islands)<\/option><option value=\"Islas V\u00edrgenes de EE. UU.\">Islas V\u00edrgenes de EE. UU. (U.S. Virgin Islands)<\/option><option value=\"Israel\">Israel (\u202b\u05d9\u05e9\u05e8\u05d0\u05dc\u202c\u200e)<\/option><option value=\"Italia\">Italia<\/option><option value=\"Jamaica\">Jamaica<\/option><option value=\"Jap\u00f3n\">Jap\u00f3n (\u65e5\u672c)<\/option><option value=\"Jersey\">Jersey<\/option><option value=\"Jordania\">Jordania (\u202b\u0627\u0644\u0623\u0631\u062f\u0646\u202c\u200e)<\/option><option value=\"Kazajist\u00e1n\">Kazajist\u00e1n (\u041a\u0430\u0437\u0430\u0445\u0441\u0442\u0430\u043d)<\/option><option value=\"Kenia\">Kenia (Kenya)<\/option><option value=\"Kirguist\u00e1n\">Kirguist\u00e1n (\u041a\u044b\u0440\u0433\u044b\u0437\u0441\u0442\u0430\u043d)<\/option><option value=\"Kiribati\">Kiribati<\/option><option value=\"Kosovo\">Kosovo (Kosov\u00eb)<\/option><option value=\"Kuwait\">Kuwait (\u202b\u0627\u0644\u0643\u0648\u064a\u062a\u202c\u200e)<\/option><option value=\"Laos\">Laos (\u0ea5\u0eb2\u0ea7)<\/option><option value=\"Lesoto\">Lesoto (Lesotho)<\/option><option value=\"Letonia\">Letonia (Latvija)<\/option><option value=\"L\u00edbano\">L\u00edbano (\u202b\u0644\u0628\u0646\u0627\u0646\u202c\u200e)<\/option><option value=\"Liberia\">Liberia<\/option><option value=\"Libia\">Libia (\u202b\u0644\u064a\u0628\u064a\u0627\u202c\u200e)<\/option><option value=\"Liechtenstein\">Liechtenstein<\/option><option value=\"Lituania\">Lituania (Lietuva)<\/option><option value=\"Luxemburgo\">Luxemburgo (Luxembourg)<\/option><option value=\"Macao\">Macao (\u6fb3\u9580)<\/option><option value=\"Macedonia\">Macedonia (ERYM) (\u0420\u0435\u043f\u0443\u0431\u043b\u0438\u043a\u0430 \u041c\u0430\u043a\u0435\u0434\u043e\u043d\u0438\u0458\u0430)<\/option><option value=\"Madagascar\">Madagascar (Madagasikara)<\/option><option value=\"Malasia\">Malasia (Malaysia)<\/option><option value=\"Malaui\">Malaui (Malawi)<\/option><option value=\"Maldivas\">Maldivas (Maldives)<\/option><option value=\"Mali\">Mali<\/option><option value=\"Malta\">Malta<\/option><option value=\"Marruecos\">Marruecos (Morocco)<\/option><option value=\"Martinica\">Martinica (Martinique)<\/option><option value=\"Mauricio\">Mauricio (Moris)<\/option><option value=\"Mauritania\">Mauritania (\u202b\u0645\u0648\u0631\u064a\u062a\u0627\u0646\u064a\u0627\u202c\u200e)<\/option><option value=\"Mayotte\">Mayotte<\/option><option value=\"M\u00e9xico\">M\u00e9xico<\/option><option value=\"Micronesia\">Micronesia<\/option><option value=\"Moldavia\">Moldavia (Republica Moldova)<\/option><option value=\"M\u00f3naco\">M\u00f3naco (Monaco)<\/option><option value=\"Mongolia\">Mongolia (\u041c\u043e\u043d\u0433\u043e\u043b)<\/option><option value=\"Montenegro\">Montenegro (Crna Gora)<\/option><option value=\"Montserrat\">Montserrat<\/option><option value=\"Mozambique\">Mozambique (Mo\u00e7ambique)<\/option><option value=\"Myanmar\">Myanmar (Birmania) (\u1019\u103c\u1014\u103a\u1019\u102c)<\/option><option value=\"Namibia\">Namibia (Namibi\u00eb)<\/option><option value=\"Nauru\">Nauru<\/option><option value=\"Nepal\">Nepal (\u0928\u0947\u092a\u093e\u0932)<\/option><option value=\"Nicaragua\">Nicaragua<\/option><option value=\"N\u00edger\">N\u00edger (Nijar)<\/option><option value=\"Nigeria\">Nigeria<\/option><option value=\"Niue\">Niue<\/option><option value=\"Noruega\">Noruega (Norge)<\/option><option value=\"Nueva Caledonia\">Nueva Caledonia (Nouvelle-Cal\u00e9donie)<\/option><option value=\"Nueva Zelanda\">Nueva Zelanda (New Zealand)<\/option><option value=\"Om\u00e1n\">Om\u00e1n (\u202b\u0639\u064f\u0645\u0627\u0646\u202c\u200e)<\/option><option value=\"Pa\u00edses Bajos\">Pa\u00edses Bajos (Nederland)<\/option><option value=\"Pakist\u00e1n\">Pakist\u00e1n (\u202b\u067e\u0627\u06a9\u0633\u062a\u0627\u0646\u202c\u200e)<\/option><option value=\"Palaos\">Palaos (Palau)<\/option><option value=\"Palestina\">Palestina (\u202b\u0641\u0644\u0633\u0637\u064a\u0646\u202c\u200e)<\/option><option value=\"Panam\u00e1\">Panam\u00e1<\/option><option value=\"Pap\u00faa Nueva Guinea\">Pap\u00faa Nueva Guinea (Papua New Guinea)<\/option><option value=\"Paraguay\">Paraguay<\/option><option value=\"Per\u00fa\">Per\u00fa<\/option><option value=\"Polinesia Francesa\">Polinesia Francesa (Polyn\u00e9sie fran\u00e7aise)<\/option><option value=\"Polonia\">Polonia (Polska)<\/option><option value=\"Portugal\">Portugal<\/option><option value=\"Puerto Rico\">Puerto Rico<\/option><option value=\"Reino Unido\">Reino Unido (United Kingdom)<\/option><option value=\"Rep\u00fablica Centroafricana\">Rep\u00fablica Centroafricana (R\u00e9publique centrafricaine)<\/option><option value=\"Rep\u00fablica del Congo\">Rep\u00fablica del Congo (Congo-Brazzaville)<\/option><option value=\"Rep\u00fablica Democr\u00e1tica del Congo\">Rep\u00fablica Democr\u00e1tica del Congo (Jamhuri ya Kidemokrasia ya Kongo)<\/option><option value=\"Rep\u00fablica Dominicana\">Rep\u00fablica Dominicana<\/option><option value=\"Reuni\u00f3n\">Reuni\u00f3n (La R\u00e9union)<\/option><option value=\"Ruanda\">Ruanda (Rwanda)<\/option><option value=\"Ruman\u00eda\">Ruman\u00eda (Rom\u00e2nia)<\/option><option value=\"Rusia\">Rusia (\u0420\u043e\u0441\u0441\u0438\u044f)<\/option><option value=\"S\u00e1hara Occidental\">S\u00e1hara Occidental (\u202b\u0627\u0644\u0635\u062d\u0631\u0627\u0621 \u0627\u0644\u063a\u0631\u0628\u064a\u0629\u202c\u200e)<\/option><option value=\"Samoa\">Samoa<\/option><option value=\"Samoa Americana\">Samoa Americana (American Samoa)<\/option><option value=\"San Bartolom\u00e9\">San Bartolom\u00e9 (Saint-Barth\u00e9lemy)<\/option><option value=\"San Crist\u00f3bal y Nieves\">San Crist\u00f3bal y Nieves (St. Kitts &amp; Nevis)<\/option><option value=\"San Marino\">San Marino<\/option><option value=\"San Mart\u00edn\">San Mart\u00edn (Saint-Martin)<\/option><option value=\"San Pedro y Miquel\u00f3n\">San Pedro y Miquel\u00f3n (Saint-Pierre-et-Miquelon)<\/option><option value=\"Santa Elena\">Santa Elena (St. Helena)<\/option><option value=\"Santa Luc\u00eda\">Santa Luc\u00eda (St. Lucia)<\/option><option value=\"Santo Tom\u00e9 y Pr\u00edncipe\">Santo Tom\u00e9 y Pr\u00edncipe (S\u00e3o Tom\u00e9 e Pr\u00edncipe)<\/option><option value=\"San Vicente y las Granadinas\">San Vicente y las Granadinas (St. Vincent &amp; Grenadines)<\/option><option value=\"Senegal\">Senegal<\/option><option value=\"Serbia\">Serbia (\u0421\u0440\u0431\u0438\u0458\u0430)<\/option><option value=\"Seychelles\">Seychelles<\/option><option value=\"Sierra Leona\">Sierra Leona (Sierra Leone)<\/option><option value=\"Singapur\">Singapur (Singapore)<\/option><option value=\"Sint Maarten\">Sint Maarten<\/option><option value=\"Siria\">Siria (\u202b\u0633\u0648\u0631\u064a\u0627\u202c\u200e)<\/option><option value=\"Somalia\">Somalia (Soomaaliya)<\/option><option value=\"Sri Lanka\">Sri Lanka (\u0dc1\u0dca\u200d\u0dbb\u0dd3 \u0dbd\u0d82\u0d9a\u0dcf\u0dc0)<\/option><option value=\"Suazilandia\">Suazilandia (Swaziland)<\/option><option value=\"Sud\u00e1frica\">Sud\u00e1frica (South Africa)<\/option><option value=\"Sud\u00e1n\">Sud\u00e1n (\u202b\u0627\u0644\u0633\u0648\u062f\u0627\u0646\u202c\u200e)<\/option><option value=\"Sud\u00e1n del Sur\">Sud\u00e1n del Sur (\u202b\u062c\u0646\u0648\u0628 \u0627\u0644\u0633\u0648\u062f\u0627\u0646\u202c\u200e)<\/option><option value=\"Suecia\">Suecia (Sverige)<\/option><option value=\"Suiza\">Suiza (Schweiz)<\/option><option value=\"Surinam\">Surinam (Suriname)<\/option><option value=\"Svalbard y Jan Mayen\">Svalbard y Jan Mayen (Svalbard og Jan Mayen)<\/option><option value=\"Tailandia\">Tailandia (\u0e44\u0e17\u0e22)<\/option><option value=\"Taiw\u00e1n\">Taiw\u00e1n (\u53f0\u7063)<\/option><option value=\"Tanzania\">Tanzania<\/option><option value=\"Tayikist\u00e1n\">Tayikist\u00e1n (Tajikistan)<\/option><option value=\"Territorio Brit\u00e1nico del Oc\u00e9ano \u00cdndico\">Territorio Brit\u00e1nico del Oc\u00e9ano \u00cdndico (British Indian Ocean Territory)<\/option><option value=\"Territorios Australes Franceses\">Territorios Australes Franceses (Terres australes fran\u00e7aises)<\/option><option value=\"Timor Oriental\">Timor Oriental (Timor-Leste)<\/option><option value=\"Togo\">Togo<\/option><option value=\"Tokelau\">Tokelau<\/option><option value=\"Tonga\">Tonga<\/option><option value=\"Trinidad y Tobago\">Trinidad y Tobago (Trinidad &amp; Tobago)<\/option><option value=\"Trist\u00e1n da Cunha\">Trist\u00e1n da Cunha (Tristan da Cunha)<\/option><option value=\"T\u00fanez\">T\u00fanez (Tunisia)<\/option><option value=\"Turkmenist\u00e1n\">Turkmenist\u00e1n (Turkmenistan)<\/option><option value=\"Turqu\u00eda\">Turqu\u00eda (T\u00fcrkiye)<\/option><option value=\"Tuvalu\">Tuvalu<\/option><option value=\"Ucrania\">Ucrania (\u0423\u043a\u0440\u0430\u0457\u043d\u0430)<\/option><option value=\"Uganda\">Uganda<\/option><option value=\"Uruguay\">Uruguay<\/option><option value=\"Uzbekist\u00e1n\">Uzbekist\u00e1n (O\u02bbzbekiston)<\/option><option value=\"Vanuatu\">Vanuatu<\/option><option value=\"Venezuela\">Venezuela<\/option><option value=\"Vietnam\">Vietnam (Vi\u1ec7t Nam)<\/option><option value=\"Wallis y Futuna\">Wallis y Futuna (Wallis &amp; Futuna)<\/option><option value=\"Yemen\">Yemen (\u202b\u0627\u0644\u064a\u0645\u0646\u202c\u200e)<\/option><option value=\"Yibuti\">Yibuti (Djibouti)<\/option><option value=\"Zambia\">Zambia<\/option><option value=\"Zimbabue\">Zimbabue (Zimbabwe)<\/option><\/select>\n          <\/div>\n<div class=\"col-md-12\">\n            <textarea class=\"form-control input-style\" required=\"true\" name=\"message\" placeholder=\"Message *\" rows=\"10\"><br \/>\n            <\/textarea><br \/>\n            <button type=\"submit\" name=\"sendEmail\" class=\"btn btn-success\">send<\/button>\n          <\/div>\n<\/p><\/div>\n<\/p><\/form>\n<\/p><\/div>\n<\/section>\n","protected":false},"excerpt":{"rendered":"<p>Contact Us FOR COMMERCIAL USE ONLY Country *Afganist\u00e1n (\u202b\u0627\u0641\u063a\u0627\u0646\u0633\u062a\u0627\u0646\u202c\u200e)Albania (Shqip\u00ebri)Alemania (Deutschland)AndorraAngolaAnguila (Anguilla)Ant\u00e1rtida (Antarctica)Antigua y Barbuda (Antigua &amp; Barbuda)Arabia Saud\u00ed (\u202b\u0627\u0644\u0645\u0645\u0644\u0643\u0629 \u0627\u0644\u0639\u0631\u0628\u064a\u0629 \u0627\u0644\u0633\u0639\u0648\u062f\u064a\u0629\u202c\u200e)Argelia (Algeria)ArgentinaArmenia (\u0540\u0561\u0575\u0561\u057d\u057f\u0561\u0576)ArubaAustraliaAustria (\u00d6sterreich)Azerbaiy\u00e1n (Az\u0259rbaycan)BahamasBanglad\u00e9s (\u09ac\u09be\u0982\u09b2\u09be\u09a6\u09c7\u09b6)BarbadosBar\u00e9in (\u202b\u0627\u0644\u0628\u062d\u0631\u064a\u0646\u202c\u200e)B\u00e9lgica (Belgium)Belice (Belize)Ben\u00edn (B\u00e9nin)Bermudas (Bermuda)Bielorrusia (\u0411\u0435\u043b\u0430\u0440\u0443\u0441\u044c)BoliviaBosnia-Herzegovina (Bosna i Hercegovina)Botsuana (Botswana)BrasilBrun\u00e9i (Brunei)Bulgaria (\u0411\u044a\u043b\u0433\u0430\u0440\u0438\u044f)Burkina FasoBurundi (Uburundi)But\u00e1n (\u0f60\u0f56\u0fb2\u0f74\u0f42)Cabo Verde (Kabu Verdi)Camboya (\u1780\u1798\u17d2\u1796\u17bb\u1787\u17b6)Camer\u00fan (Cameroun)Canad\u00e1 (Canada)Caribe neerland\u00e9s (Caribbean Netherlands)Catar (\u202b\u0642\u0637\u0631\u202c\u200e)Ceuta y MelillaChad (Tchad)Chequia [&hellip;]<\/p>\n","protected":false},"author":1,"featured_media":0,"parent":0,"menu_order":0,"comment_status":"closed","ping_status":"closed","template":"","meta":{"_joinchat":[]},"_links":{"self":[{"href":"https:\/\/www.icasarg.com\/pub\/wp-json\/wp\/v2\/pages\/286"}],"collection":[{"href":"https:\/\/www.icasarg.com\/pub\/wp-json\/wp\/v2\/pages"}],"about":[{"href":"https:\/\/www.icasarg.com\/pub\/wp-json\/wp\/v2\/types\/page"}],"author":[{"embeddable":true,"href":"https:\/\/www.icasarg.com\/pub\/wp-json\/wp\/v2\/users\/1"}],"replies":[{"embeddable":true,"href":"https:\/\/www.icasarg.com\/pub\/wp-json\/wp\/v2\/comments?post=286"}],"version-history":[{"count":1,"href":"https:\/\/www.icasarg.com\/pub\/wp-json\/wp\/v2\/pages\/286\/revisions"}],"predecessor-version":[{"id":287,"href":"https:\/\/www.icasarg.com\/pub\/wp-json\/wp\/v2\/pages\/286\/revisions\/287"}],"wp:attachment":[{"href":"https:\/\/www.icasarg.com\/pub\/wp-json\/wp\/v2\/media?parent=286"}],"curies":[{"name":"wp","href":"https:\/\/api.w.org\/{rel}","templated":true}]}}