{"id":170,"date":"2017-11-24T17:25:18","date_gmt":"2017-11-24T17:25:18","guid":{"rendered":"https:\/\/www.icasarg.com\/pub\/?page_id=170"},"modified":"2020-03-09T17:02:00","modified_gmt":"2020-03-09T17:02:00","slug":"compliance","status":"publish","type":"page","link":"https:\/\/www.icasarg.com\/pub\/compliance\/","title":{"rendered":"Compliance"},"content":{"rendered":"<div class=\"link-ref\" id=\"compliance\"><\/div>\n<div class=\"container-fluid\">\n<section class=\"compliance\">\n<div class=\"row pages-title\">\n<div class=\"col-md-10 col-md-offset-2 \">\n<h3>L\u00ednea Compliance<\/h3>\n<\/div>\n<div class=\"col-md-6 ligthgray-line\"><\/div>\n<\/div>\n<div class=\"row\">\n<div class=\"col-md-12 workshops-body\">\n<div class=\"col-md-8 col-md-offset-2\">\n<div class=\"row\">\n<div class=\"col-md-6 workshops-img\">\n              <img decoding=\"async\" src=\"\/pub\/wp-content\/themes\/icas\/img\/servicios\/Linea-compliance.jpg\" alt=\"\"><\/div>\n<div class=\"col-md-6 workshops-img\">\n<p>                Contamos con una linea telef\u00f3nica 24 horas por 7 d\u00edas y de un sitio web, desde los cuales el empleado y otras personas autorizadas podr\u00e1n realizar denuncias sobre incumplimientos y violaciones a las pol\u00edticas y pr\u00e1cticas \u00e9ticas de la organizaci\u00f3n.<\/p>\n<h4>Ley 27401 &#8211; Responsabilidad Penal de las personas jur\u00eddicas<\/h4>\n<p>Tengan o no en la empresa un responsable a cargo del \u00e1rea Compliance, contar con programas de integridad adecuados es uno de los requisitos para que la responsabilidad penal no caiga en la empresa, con sanciones que pueden llegar a la suspensi\u00f3n de actividades. Desde Icas Latina estamos capacitados para asesorarte y poseemos m\u00e1s de diez a\u00f1os de experiencia en servicios de l\u00ednea Compliance. Consultanos para comenzar a trabajar en el programa que mejor se adec\u00fae a tu empresa.<\/p>\n<p><a href=\"mailto:Info@icasarg.com\">info@icasarg.com<\/a><\/p>\n<\/div>\n<\/div>\n<\/div>\n<\/div>\n<\/div>\n<\/section>\n<\/div>\n","protected":false},"excerpt":{"rendered":"<p>L\u00ednea Compliance Contamos con una linea telef\u00f3nica 24 horas por 7 d\u00edas y de un sitio web, desde los cuales el empleado y otras personas autorizadas podr\u00e1n realizar denuncias sobre incumplimientos y violaciones a las pol\u00edticas y pr\u00e1cticas \u00e9ticas de la organizaci\u00f3n. Ley 27401 &#8211; Responsabilidad Penal de las personas jur\u00eddicas Tengan o no en [&hellip;]<\/p>\n","protected":false},"author":1,"featured_media":0,"parent":0,"menu_order":0,"comment_status":"closed","ping_status":"closed","template":"","meta":{"_joinchat":[]},"_links":{"self":[{"href":"https:\/\/www.icasarg.com\/pub\/wp-json\/wp\/v2\/pages\/170"}],"collection":[{"href":"https:\/\/www.icasarg.com\/pub\/wp-json\/wp\/v2\/pages"}],"about":[{"href":"https:\/\/www.icasarg.com\/pub\/wp-json\/wp\/v2\/types\/page"}],"author":[{"embeddable":true,"href":"https:\/\/www.icasarg.com\/pub\/wp-json\/wp\/v2\/users\/1"}],"replies":[{"embeddable":true,"href":"https:\/\/www.icasarg.com\/pub\/wp-json\/wp\/v2\/comments?post=170"}],"version-history":[{"count":12,"href":"https:\/\/www.icasarg.com\/pub\/wp-json\/wp\/v2\/pages\/170\/revisions"}],"predecessor-version":[{"id":343,"href":"https:\/\/www.icasarg.com\/pub\/wp-json\/wp\/v2\/pages\/170\/revisions\/343"}],"wp:attachment":[{"href":"https:\/\/www.icasarg.com\/pub\/wp-json\/wp\/v2\/media?parent=170"}],"curies":[{"name":"wp","href":"https:\/\/api.w.org\/{rel}","templated":true}]}}